{"id":19369,"date":"2024-04-12T15:33:04","date_gmt":"2024-04-12T12:33:04","guid":{"rendered":"https:\/\/ajakirimaja.ee\/toimetus-2\/"},"modified":"2024-10-28T10:16:56","modified_gmt":"2024-10-28T08:16:56","slug":"editorial","status":"publish","type":"page","link":"https:\/\/ajakirimaja.ee\/en\/editorial\/","title":{"rendered":"EDITORIAL"},"content":{"rendered":"\n<div style=\"height:11px\" aria-hidden=\"true\" class=\"wp-block-spacer\"><\/div>\n\n\n\n<p>MAJA is a professional architectural publication in Estonia since 1994.<\/p>\n\n\n\n<div style=\"height:30px\" aria-hidden=\"true\" class=\"wp-block-spacer\"><\/div>\n\n\n\n<div class=\"wp-block-columns is-layout-flex wp-container-core-columns-is-layout-9d6595d7 wp-block-columns-is-layout-flex\">\n<div class=\"wp-block-column is-layout-flow wp-block-column-is-layout-flow\">\n<figure class=\"wp-block-image size-large\"><img fetchpriority=\"high\" decoding=\"async\" width=\"683\" height=\"1024\" src=\"https:\/\/ajakirimaja.ee\/wp-content\/uploads\/2020\/06\/Laura-Linsi-2-683x1024.jpg\" alt=\"\" class=\"wp-image-7115\" srcset=\"https:\/\/ajakirimaja.ee\/wp-content\/uploads\/2020\/06\/Laura-Linsi-2-683x1024.jpg 683w, https:\/\/ajakirimaja.ee\/wp-content\/uploads\/2020\/06\/Laura-Linsi-2-200x300.jpg 200w, https:\/\/ajakirimaja.ee\/wp-content\/uploads\/2020\/06\/Laura-Linsi-2-768x1152.jpg 768w, https:\/\/ajakirimaja.ee\/wp-content\/uploads\/2020\/06\/Laura-Linsi-2-1024x1536.jpg 1024w, https:\/\/ajakirimaja.ee\/wp-content\/uploads\/2020\/06\/Laura-Linsi-2-1365x2048.jpg 1365w, https:\/\/ajakirimaja.ee\/wp-content\/uploads\/2020\/06\/Laura-Linsi-2-scaled.jpg 1707w\" sizes=\"(max-width: 683px) 100vw, 683px\" \/><\/figure>\n<\/div>\n\n\n\n<div class=\"wp-block-column is-layout-flow wp-block-column-is-layout-flow\">\n<div class=\"x11i5rnm xat24cr x1mh8g0r x1vvkbs xdj266r x126k92a\">\n<h2 dir=\"auto\">&nbsp;<\/h2>\n<h2 dir=\"auto\">LAURA LINSI<strong><br><\/strong><\/h2>\n<div dir=\"auto\">&nbsp;<\/div>\n<div dir=\"auto\"><strong>Editor-in-chief<br><\/strong><\/div>\n<div dir=\"auto\">T: +372 516 3283<br>E: laura at ajakirimaja.ee<\/div>\n<\/div>\n<div dir=\"auto\">&nbsp;<\/div>\n<h6><strong>&nbsp;<\/strong><\/h6>\n<h6>&nbsp;<\/h6>\n<\/div>\n<\/div>\n\n\n\n<div style=\"height:20px\" aria-hidden=\"true\" class=\"wp-block-spacer\"><\/div>\n\n\n\n<p><strong>Editorial Board:<\/strong> Karin Bachmann, Anni Martin, Mari M\u00f6ldre, Triin Ojari, Rebeka P\u00f5ldsam, Reio Raudsepp, Mihkel T\u00fc\u00fcr<\/p>\n\n\n\n<div style=\"height:30px\" aria-hidden=\"true\" class=\"wp-block-spacer\"><\/div>\n\n\n\n<div class=\"wp-block-columns is-layout-flex wp-container-core-columns-is-layout-9d6595d7 wp-block-columns-is-layout-flex\">\n<div class=\"wp-block-column is-layout-flow wp-block-column-is-layout-flow\">\n<figure class=\"wp-block-image size-large\"><img decoding=\"async\" width=\"760\" height=\"1024\" src=\"https:\/\/ajakirimaja.ee\/wp-content\/uploads\/2020\/06\/Madli-Kaljuste--760x1024.jpg\" alt=\"\" class=\"wp-image-6748\" srcset=\"https:\/\/ajakirimaja.ee\/wp-content\/uploads\/2020\/06\/Madli-Kaljuste--760x1024.jpg 760w, https:\/\/ajakirimaja.ee\/wp-content\/uploads\/2020\/06\/Madli-Kaljuste--223x300.jpg 223w, https:\/\/ajakirimaja.ee\/wp-content\/uploads\/2020\/06\/Madli-Kaljuste--768x1034.jpg 768w, https:\/\/ajakirimaja.ee\/wp-content\/uploads\/2020\/06\/Madli-Kaljuste--1141x1536.jpg 1141w, https:\/\/ajakirimaja.ee\/wp-content\/uploads\/2020\/06\/Madli-Kaljuste--1521x2048.jpg 1521w, https:\/\/ajakirimaja.ee\/wp-content\/uploads\/2020\/06\/Madli-Kaljuste-.jpg 1748w\" sizes=\"(max-width: 760px) 100vw, 760px\" \/><\/figure>\n<\/div>\n\n\n\n<div class=\"wp-block-column is-layout-flow wp-block-column-is-layout-flow\">\n<h2>\u00a0<\/h2>\n<h2>MADLI KALJUSTE<\/h2>\n<p><strong>Editor<br \/><\/strong>E: madli at ajakirimaja.ee<strong><br \/><\/strong><\/p>\n<\/div>\n<\/div>\n\n\n\n<div style=\"height:20px\" aria-hidden=\"true\" class=\"wp-block-spacer\"><\/div>\n\n\n\n<div class=\"wp-block-columns is-layout-flex wp-container-core-columns-is-layout-9d6595d7 wp-block-columns-is-layout-flex\">\n<div class=\"wp-block-column is-layout-flow wp-block-column-is-layout-flow\"><div class=\"wp-block-image\">\n<figure class=\"alignleft size-large\"><img decoding=\"async\" width=\"683\" height=\"1024\" src=\"https:\/\/ajakirimaja.ee\/wp-content\/uploads\/2020\/04\/Margus-Tammik-683x1024.png\" alt=\"\" class=\"wp-image-5198\" srcset=\"https:\/\/ajakirimaja.ee\/wp-content\/uploads\/2020\/04\/Margus-Tammik-683x1024.png 683w, https:\/\/ajakirimaja.ee\/wp-content\/uploads\/2020\/04\/Margus-Tammik-200x300.png 200w, https:\/\/ajakirimaja.ee\/wp-content\/uploads\/2020\/04\/Margus-Tammik-768x1152.png 768w, https:\/\/ajakirimaja.ee\/wp-content\/uploads\/2020\/04\/Margus-Tammik-1024x1536.png 1024w, https:\/\/ajakirimaja.ee\/wp-content\/uploads\/2020\/04\/Margus-Tammik-1365x2048.png 1365w, https:\/\/ajakirimaja.ee\/wp-content\/uploads\/2020\/04\/Margus-Tammik.png 1984w\" sizes=\"(max-width: 683px) 100vw, 683px\" \/><figcaption class=\"wp-element-caption\"><em>Photo by Eva Unt<\/em><\/figcaption><\/figure>\n<\/div><\/div>\n\n\n\n<div class=\"wp-block-column is-layout-flow wp-block-column-is-layout-flow\">\n<h2>&nbsp;<\/h2>\n<h2>MARGUS TAMMIK<\/h2>\n<p><strong>Graphic Designer<\/strong><br>UNT \/ TAMMIK<\/p>\n<\/div>\n<\/div>\n\n\n\n<div style=\"height:18px\" aria-hidden=\"true\" class=\"wp-block-spacer\"><\/div>\n\n\n\n<div class=\"wp-block-columns is-layout-flex wp-container-core-columns-is-layout-9d6595d7 wp-block-columns-is-layout-flex\">\n<div class=\"wp-block-column is-layout-flow wp-block-column-is-layout-flow\">\n<figure class=\"wp-block-image size-large\"><img loading=\"lazy\" decoding=\"async\" width=\"834\" height=\"1024\" src=\"https:\/\/ajakirimaja.ee\/wp-content\/uploads\/2024\/10\/Helen-Kivi-1-834x1024.jpg\" alt=\"\" class=\"wp-image-20744\" srcset=\"https:\/\/ajakirimaja.ee\/wp-content\/uploads\/2024\/10\/Helen-Kivi-1-834x1024.jpg 834w, https:\/\/ajakirimaja.ee\/wp-content\/uploads\/2024\/10\/Helen-Kivi-1-244x300.jpg 244w, https:\/\/ajakirimaja.ee\/wp-content\/uploads\/2024\/10\/Helen-Kivi-1-768x943.jpg 768w, https:\/\/ajakirimaja.ee\/wp-content\/uploads\/2024\/10\/Helen-Kivi-1-1251x1536.jpg 1251w, https:\/\/ajakirimaja.ee\/wp-content\/uploads\/2024\/10\/Helen-Kivi-1-1669x2048.jpg 1669w\" sizes=\"(max-width: 834px) 100vw, 834px\" \/><\/figure>\n<\/div>\n\n\n\n<div class=\"wp-block-column is-layout-flow wp-block-column-is-layout-flow\">\n<h2>\u00a0<\/h2>\n<h2>HELEN KIVI<\/h2>\n<p><strong>Estonian Proofreading<br \/><\/strong><\/p>\n<\/div>\n<\/div>\n\n\n\n<div style=\"height:20px\" aria-hidden=\"true\" class=\"wp-block-spacer\"><\/div>\n\n\n\n<p><strong>Translations<\/strong>: Kerli Linnat, Taavi Laanpere, Ain Rada<\/p>\n\n\n\n<div style=\"height:20px\" aria-hidden=\"true\" class=\"wp-block-spacer\"><\/div>\n\n\n\n<div class=\"wp-block-columns is-layout-flex wp-container-core-columns-is-layout-9d6595d7 wp-block-columns-is-layout-flex\">\n<div class=\"wp-block-column is-layout-flow wp-block-column-is-layout-flow\"><div class=\"wp-block-image\">\n<figure class=\"alignleft size-large\"><img loading=\"lazy\" decoding=\"async\" width=\"760\" height=\"1024\" src=\"https:\/\/ajakirimaja.ee\/wp-content\/uploads\/2024\/01\/20240104-Ingrid-Kormasov_foto-albertkerstna.com_8333-760x1024.jpg\" alt=\"\" class=\"wp-image-13481\" srcset=\"https:\/\/ajakirimaja.ee\/wp-content\/uploads\/2024\/01\/20240104-Ingrid-Kormasov_foto-albertkerstna.com_8333-760x1024.jpg 760w, https:\/\/ajakirimaja.ee\/wp-content\/uploads\/2024\/01\/20240104-Ingrid-Kormasov_foto-albertkerstna.com_8333-223x300.jpg 223w, https:\/\/ajakirimaja.ee\/wp-content\/uploads\/2024\/01\/20240104-Ingrid-Kormasov_foto-albertkerstna.com_8333-768x1035.jpg 768w, https:\/\/ajakirimaja.ee\/wp-content\/uploads\/2024\/01\/20240104-Ingrid-Kormasov_foto-albertkerstna.com_8333.jpg 1109w\" sizes=\"(max-width: 760px) 100vw, 760px\" \/><figcaption class=\"wp-element-caption\"><em>Photo by Albert Kerstna<\/em><\/figcaption><\/figure>\n<\/div><\/div>\n\n\n\n<div class=\"wp-block-column is-layout-flow wp-block-column-is-layout-flow\">\n<h2>&nbsp;<\/h2>\n<h2>INGRID KORMA\u0160OV<\/h2>\n<p><strong>Manager<\/strong><br>T: +372 509 7294<br>E: ingrid at ajakirimaja.ee<\/p>\n<\/div>\n<\/div>\n\n\n\n<div style=\"height:20px\" aria-hidden=\"true\" class=\"wp-block-spacer\"><\/div>\n\n\n\n<p><strong>Publishing house:\u00a0 Arhitektuurikirjastus<\/strong><br \/>Reg. code: 80413673<br \/>VAT: EE102029552<br \/>IBAN: EE631010220260491229<\/p>\n<p><strong>Address:<\/strong><br \/>Niine St 11, Tallinn 10414, Estonia<\/p>\n<p><strong>Board Members:<\/strong> <br \/>Ingrid Korma\u0161ov, Laura Linsi<\/p>\n<p><strong>Founders:<\/strong><br \/>Estonian Association of <strong><span style=\"color: #23dede;\"><a style=\"color: #23dede;\" href=\"http:\/\/arhliit.ee\/english\/\" target=\"_blank\" rel=\"noopener\">Architects<\/a><\/span><\/strong> <br \/>Estonian Association of <strong><span style=\"color: #23dede;\"><a style=\"color: #23dede;\" href=\"https:\/\/esl.ee\/\" target=\"_blank\" rel=\"noopener\">Interior Architects<\/a><\/span><\/strong><br \/>Estonian Association of <strong><span style=\"color: #23dede;\"><a style=\"color: #23dede;\" href=\"https:\/\/maastikuarhitekt.ee\/\" target=\"_blank\" rel=\"noopener\">Landscape Architects<\/a><\/span><\/strong><\/p>\n\n\n\n<div style=\"height:12px\" aria-hidden=\"true\" class=\"wp-block-spacer\"><\/div>\n","protected":false},"excerpt":{"rendered":"<p>MAJA is a professional architectural publication in Estonia since 1994. &nbsp; LAURA LINSI &nbsp; Editor-in-chief T: +372 516 3283E: laura at ajakirimaja.ee &nbsp; &nbsp; &nbsp; Editorial Board: Karin Bachmann, Anni Martin, Mari M\u00f6ldre, Triin Ojari, Rebeka P\u00f5ldsam, Reio Raudsepp, Mihkel T\u00fc\u00fcr \u00a0 MADLI KALJUSTE EditorE: madli at ajakirimaja.ee &nbsp; MARGUS TAMMIK Graphic DesignerUNT \/ TAMMIK<\/p>\n","protected":false},"author":2,"featured_media":0,"parent":0,"menu_order":0,"comment_status":"closed","ping_status":"closed","template":"","meta":{"generate_page_header":"","footnotes":""},"class_list":{"0":"post-19369","1":"page","2":"type-page","3":"status-publish","5":"infinite-scroll-item"},"yoast_head":"<!-- This site is optimized with the Yoast SEO plugin v27.3 - https:\/\/yoast.com\/product\/yoast-seo-wordpress\/ -->\n<title>Editorial<\/title>\n<meta name=\"description\" content=\"Maja is a professional architectural publication in Estonia, published since 1994. Editor-in-chief: Laura Linsi.\" \/>\n<meta name=\"robots\" content=\"index, follow, max-snippet:-1, max-image-preview:large, max-video-preview:-1\" \/>\n<link rel=\"canonical\" href=\"https:\/\/ajakirimaja.ee\/en\/editorial\/\" \/>\n<meta property=\"og:locale\" content=\"en_US\" \/>\n<meta property=\"og:type\" content=\"article\" \/>\n<meta property=\"og:title\" content=\"Editorial\" \/>\n<meta property=\"og:description\" content=\"Maja is a professional architectural publication in Estonia, published since 1994. Editor-in-chief: Laura Linsi.\" \/>\n<meta property=\"og:url\" content=\"https:\/\/ajakirimaja.ee\/en\/editorial\/\" \/>\n<meta property=\"og:site_name\" content=\"MAJA\" \/>\n<meta property=\"article:modified_time\" content=\"2024-10-28T08:16:56+00:00\" \/>\n<meta property=\"og:image\" content=\"https:\/\/ajakirimaja.ee\/wp-content\/uploads\/2020\/06\/Laura-Linsi-2-scaled.jpg\" \/>\n\t<meta property=\"og:image:width\" content=\"1707\" \/>\n\t<meta property=\"og:image:height\" content=\"2560\" \/>\n\t<meta property=\"og:image:type\" content=\"image\/jpeg\" \/>\n<meta name=\"twitter:card\" content=\"summary_large_image\" \/>\n<meta name=\"twitter:label1\" content=\"Est. reading time\" \/>\n\t<meta name=\"twitter:data1\" content=\"2 minutes\" \/>\n<script type=\"application\/ld+json\" class=\"yoast-schema-graph\">{\"@context\":\"https:\\\/\\\/schema.org\",\"@graph\":[{\"@type\":\"WebPage\",\"@id\":\"https:\\\/\\\/ajakirimaja.ee\\\/en\\\/editorial\\\/\",\"url\":\"https:\\\/\\\/ajakirimaja.ee\\\/en\\\/editorial\\\/\",\"name\":\"Editorial\",\"isPartOf\":{\"@id\":\"https:\\\/\\\/ajakirimaja.ee\\\/#website\"},\"primaryImageOfPage\":{\"@id\":\"https:\\\/\\\/ajakirimaja.ee\\\/en\\\/editorial\\\/#primaryimage\"},\"image\":{\"@id\":\"https:\\\/\\\/ajakirimaja.ee\\\/en\\\/editorial\\\/#primaryimage\"},\"thumbnailUrl\":\"https:\\\/\\\/ajakirimaja.ee\\\/wp-content\\\/uploads\\\/2020\\\/06\\\/Laura-Linsi-2-683x1024.jpg\",\"datePublished\":\"2024-04-12T12:33:04+00:00\",\"dateModified\":\"2024-10-28T08:16:56+00:00\",\"description\":\"Maja is a professional architectural publication in Estonia, published since 1994. Editor-in-chief: Laura Linsi.\",\"breadcrumb\":{\"@id\":\"https:\\\/\\\/ajakirimaja.ee\\\/en\\\/editorial\\\/#breadcrumb\"},\"inLanguage\":\"en-US\",\"potentialAction\":[{\"@type\":\"ReadAction\",\"target\":[\"https:\\\/\\\/ajakirimaja.ee\\\/en\\\/editorial\\\/\"]}]},{\"@type\":\"ImageObject\",\"inLanguage\":\"en-US\",\"@id\":\"https:\\\/\\\/ajakirimaja.ee\\\/en\\\/editorial\\\/#primaryimage\",\"url\":\"https:\\\/\\\/ajakirimaja.ee\\\/wp-content\\\/uploads\\\/2020\\\/06\\\/Laura-Linsi-2-683x1024.jpg\",\"contentUrl\":\"https:\\\/\\\/ajakirimaja.ee\\\/wp-content\\\/uploads\\\/2020\\\/06\\\/Laura-Linsi-2-683x1024.jpg\"},{\"@type\":\"BreadcrumbList\",\"@id\":\"https:\\\/\\\/ajakirimaja.ee\\\/en\\\/editorial\\\/#breadcrumb\",\"itemListElement\":[{\"@type\":\"ListItem\",\"position\":1,\"name\":\"Home\",\"item\":\"https:\\\/\\\/ajakirimaja.ee\\\/en\\\/\"},{\"@type\":\"ListItem\",\"position\":2,\"name\":\"EDITORIAL\"}]},{\"@type\":\"WebSite\",\"@id\":\"https:\\\/\\\/ajakirimaja.ee\\\/#website\",\"url\":\"https:\\\/\\\/ajakirimaja.ee\\\/\",\"name\":\"MAJA\",\"description\":\"\",\"publisher\":{\"@id\":\"https:\\\/\\\/ajakirimaja.ee\\\/#organization\"},\"potentialAction\":[{\"@type\":\"SearchAction\",\"target\":{\"@type\":\"EntryPoint\",\"urlTemplate\":\"https:\\\/\\\/ajakirimaja.ee\\\/?s={search_term_string}\"},\"query-input\":{\"@type\":\"PropertyValueSpecification\",\"valueRequired\":true,\"valueName\":\"search_term_string\"}}],\"inLanguage\":\"en-US\"},{\"@type\":\"Organization\",\"@id\":\"https:\\\/\\\/ajakirimaja.ee\\\/#organization\",\"name\":\"MAJA\",\"url\":\"https:\\\/\\\/ajakirimaja.ee\\\/\",\"logo\":{\"@type\":\"ImageObject\",\"inLanguage\":\"en-US\",\"@id\":\"https:\\\/\\\/ajakirimaja.ee\\\/#\\\/schema\\\/logo\\\/image\\\/\",\"url\":\"https:\\\/\\\/ajakirimaja.ee\\\/wp-content\\\/uploads\\\/2023\\\/01\\\/cropped-MAJA_logo_est_23.png\",\"contentUrl\":\"https:\\\/\\\/ajakirimaja.ee\\\/wp-content\\\/uploads\\\/2023\\\/01\\\/cropped-MAJA_logo_est_23.png\",\"width\":403,\"height\":80,\"caption\":\"MAJA\"},\"image\":{\"@id\":\"https:\\\/\\\/ajakirimaja.ee\\\/#\\\/schema\\\/logo\\\/image\\\/\"}}]}<\/script>\n<!-- \/ Yoast SEO plugin. -->","yoast_head_json":{"title":"Editorial","description":"Maja is a professional architectural publication in Estonia, published since 1994. Editor-in-chief: Laura Linsi.","robots":{"index":"index","follow":"follow","max-snippet":"max-snippet:-1","max-image-preview":"max-image-preview:large","max-video-preview":"max-video-preview:-1"},"canonical":"https:\/\/ajakirimaja.ee\/en\/editorial\/","og_locale":"en_US","og_type":"article","og_title":"Editorial","og_description":"Maja is a professional architectural publication in Estonia, published since 1994. Editor-in-chief: Laura Linsi.","og_url":"https:\/\/ajakirimaja.ee\/en\/editorial\/","og_site_name":"MAJA","article_modified_time":"2024-10-28T08:16:56+00:00","og_image":[{"width":1707,"height":2560,"url":"https:\/\/ajakirimaja.ee\/wp-content\/uploads\/2020\/06\/Laura-Linsi-2-scaled.jpg","type":"image\/jpeg"}],"twitter_card":"summary_large_image","twitter_misc":{"Est. reading time":"2 minutes"},"schema":{"@context":"https:\/\/schema.org","@graph":[{"@type":"WebPage","@id":"https:\/\/ajakirimaja.ee\/en\/editorial\/","url":"https:\/\/ajakirimaja.ee\/en\/editorial\/","name":"Editorial","isPartOf":{"@id":"https:\/\/ajakirimaja.ee\/#website"},"primaryImageOfPage":{"@id":"https:\/\/ajakirimaja.ee\/en\/editorial\/#primaryimage"},"image":{"@id":"https:\/\/ajakirimaja.ee\/en\/editorial\/#primaryimage"},"thumbnailUrl":"https:\/\/ajakirimaja.ee\/wp-content\/uploads\/2020\/06\/Laura-Linsi-2-683x1024.jpg","datePublished":"2024-04-12T12:33:04+00:00","dateModified":"2024-10-28T08:16:56+00:00","description":"Maja is a professional architectural publication in Estonia, published since 1994. Editor-in-chief: Laura Linsi.","breadcrumb":{"@id":"https:\/\/ajakirimaja.ee\/en\/editorial\/#breadcrumb"},"inLanguage":"en-US","potentialAction":[{"@type":"ReadAction","target":["https:\/\/ajakirimaja.ee\/en\/editorial\/"]}]},{"@type":"ImageObject","inLanguage":"en-US","@id":"https:\/\/ajakirimaja.ee\/en\/editorial\/#primaryimage","url":"https:\/\/ajakirimaja.ee\/wp-content\/uploads\/2020\/06\/Laura-Linsi-2-683x1024.jpg","contentUrl":"https:\/\/ajakirimaja.ee\/wp-content\/uploads\/2020\/06\/Laura-Linsi-2-683x1024.jpg"},{"@type":"BreadcrumbList","@id":"https:\/\/ajakirimaja.ee\/en\/editorial\/#breadcrumb","itemListElement":[{"@type":"ListItem","position":1,"name":"Home","item":"https:\/\/ajakirimaja.ee\/en\/"},{"@type":"ListItem","position":2,"name":"EDITORIAL"}]},{"@type":"WebSite","@id":"https:\/\/ajakirimaja.ee\/#website","url":"https:\/\/ajakirimaja.ee\/","name":"MAJA","description":"","publisher":{"@id":"https:\/\/ajakirimaja.ee\/#organization"},"potentialAction":[{"@type":"SearchAction","target":{"@type":"EntryPoint","urlTemplate":"https:\/\/ajakirimaja.ee\/?s={search_term_string}"},"query-input":{"@type":"PropertyValueSpecification","valueRequired":true,"valueName":"search_term_string"}}],"inLanguage":"en-US"},{"@type":"Organization","@id":"https:\/\/ajakirimaja.ee\/#organization","name":"MAJA","url":"https:\/\/ajakirimaja.ee\/","logo":{"@type":"ImageObject","inLanguage":"en-US","@id":"https:\/\/ajakirimaja.ee\/#\/schema\/logo\/image\/","url":"https:\/\/ajakirimaja.ee\/wp-content\/uploads\/2023\/01\/cropped-MAJA_logo_est_23.png","contentUrl":"https:\/\/ajakirimaja.ee\/wp-content\/uploads\/2023\/01\/cropped-MAJA_logo_est_23.png","width":403,"height":80,"caption":"MAJA"},"image":{"@id":"https:\/\/ajakirimaja.ee\/#\/schema\/logo\/image\/"}}]}},"_links":{"self":[{"href":"https:\/\/ajakirimaja.ee\/en\/wp-json\/wp\/v2\/pages\/19369","targetHints":{"allow":["GET"]}}],"collection":[{"href":"https:\/\/ajakirimaja.ee\/en\/wp-json\/wp\/v2\/pages"}],"about":[{"href":"https:\/\/ajakirimaja.ee\/en\/wp-json\/wp\/v2\/types\/page"}],"author":[{"embeddable":true,"href":"https:\/\/ajakirimaja.ee\/en\/wp-json\/wp\/v2\/users\/2"}],"replies":[{"embeddable":true,"href":"https:\/\/ajakirimaja.ee\/en\/wp-json\/wp\/v2\/comments?post=19369"}],"version-history":[{"count":12,"href":"https:\/\/ajakirimaja.ee\/en\/wp-json\/wp\/v2\/pages\/19369\/revisions"}],"predecessor-version":[{"id":20748,"href":"https:\/\/ajakirimaja.ee\/en\/wp-json\/wp\/v2\/pages\/19369\/revisions\/20748"}],"wp:attachment":[{"href":"https:\/\/ajakirimaja.ee\/en\/wp-json\/wp\/v2\/media?parent=19369"}],"curies":[{"name":"wp","href":"https:\/\/api.w.org\/{rel}","templated":true}]}}