{"id":6809,"date":"2018-08-08T19:03:52","date_gmt":"2018-08-08T16:03:52","guid":{"rendered":"https:\/\/ajakirimaja.ee\/toimetus\/"},"modified":"2024-02-16T16:14:01","modified_gmt":"2024-02-16T14:14:01","slug":"contact","status":"publish","type":"page","link":"https:\/\/ajakirimaja.ee\/en\/contact\/","title":{"rendered":"CONTACT"},"content":{"rendered":"\t\t<div data-elementor-type=\"wp-post\" data-elementor-id=\"6809\" class=\"elementor elementor-6809 elementor-408\" data-elementor-post-type=\"page\">\n\t\t\t\t\t\t<section class=\"elementor-section elementor-top-section elementor-element elementor-element-aae4110 elementor-section-boxed elementor-section-height-default elementor-section-height-default\" data-id=\"aae4110\" data-element_type=\"section\" data-e-type=\"section\">\n\t\t\t\t\t\t<div class=\"elementor-container elementor-column-gap-default\">\n\t\t\t\t\t<div class=\"elementor-column elementor-col-100 elementor-top-column elementor-element elementor-element-b913b88\" data-id=\"b913b88\" data-element_type=\"column\" data-e-type=\"column\">\n\t\t\t<div class=\"elementor-widget-wrap elementor-element-populated\">\n\t\t\t\t\t\t<div class=\"elementor-element elementor-element-88adc73 elementor-widget elementor-widget-text-editor\" data-id=\"88adc73\" data-element_type=\"widget\" data-e-type=\"widget\" data-widget_type=\"text-editor.default\">\n\t\t\t\t<div class=\"elementor-widget-container\">\n\t\t\t\t\t\t\t\t\t<h6>\u00a0<\/h6><h6><span style=\"font-size: 16px;\">MAJA is a professional architectural publication in Estonia since 1994.<\/span><\/h6><h6>\u00a0<\/h6>\t\t\t\t\t\t\t\t<\/div>\n\t\t\t\t<\/div>\n\t\t\t\t\t<\/div>\n\t\t<\/div>\n\t\t\t\t\t<\/div>\n\t\t<\/section>\n\t\t\t\t<section class=\"elementor-section elementor-top-section elementor-element elementor-element-305502d elementor-section-boxed elementor-section-height-default elementor-section-height-default\" data-id=\"305502d\" data-element_type=\"section\" data-e-type=\"section\">\n\t\t\t\t\t\t<div class=\"elementor-container elementor-column-gap-default\">\n\t\t\t\t\t<div class=\"elementor-column elementor-col-50 elementor-top-column elementor-element elementor-element-e420e96\" data-id=\"e420e96\" data-element_type=\"column\" data-e-type=\"column\">\n\t\t\t<div class=\"elementor-widget-wrap elementor-element-populated\">\n\t\t\t\t\t\t<div class=\"elementor-element elementor-element-d62dd2b elementor-widget elementor-widget-image\" data-id=\"d62dd2b\" data-element_type=\"widget\" data-e-type=\"widget\" data-widget_type=\"image.default\">\n\t\t\t\t<div class=\"elementor-widget-container\">\n\t\t\t\t\t\t\t\t\t\t\t\t<figure class=\"wp-caption\">\n\t\t\t\t\t\t\t\t\t\t<img fetchpriority=\"high\" decoding=\"async\" width=\"768\" height=\"1152\" src=\"https:\/\/ajakirimaja.ee\/wp-content\/uploads\/2020\/06\/Laura-Linsi-2-768x1152.jpg\" class=\"attachment-medium_large size-medium_large wp-image-7114\" alt=\"\" srcset=\"https:\/\/ajakirimaja.ee\/wp-content\/uploads\/2020\/06\/Laura-Linsi-2-768x1152.jpg 768w, https:\/\/ajakirimaja.ee\/wp-content\/uploads\/2020\/06\/Laura-Linsi-2-200x300.jpg 200w, https:\/\/ajakirimaja.ee\/wp-content\/uploads\/2020\/06\/Laura-Linsi-2-683x1024.jpg 683w, https:\/\/ajakirimaja.ee\/wp-content\/uploads\/2020\/06\/Laura-Linsi-2-1024x1536.jpg 1024w, https:\/\/ajakirimaja.ee\/wp-content\/uploads\/2020\/06\/Laura-Linsi-2-1365x2048.jpg 1365w, https:\/\/ajakirimaja.ee\/wp-content\/uploads\/2020\/06\/Laura-Linsi-2-scaled.jpg 1707w\" sizes=\"(max-width: 768px) 100vw, 768px\" \/>\t\t\t\t\t\t\t\t\t\t\t<figcaption class=\"widget-image-caption wp-caption-text\"><\/figcaption>\n\t\t\t\t\t\t\t\t\t\t<\/figure>\n\t\t\t\t\t\t\t\t\t<\/div>\n\t\t\t\t<\/div>\n\t\t\t\t\t<\/div>\n\t\t<\/div>\n\t\t\t\t<div class=\"elementor-column elementor-col-50 elementor-top-column elementor-element elementor-element-be73711\" data-id=\"be73711\" data-element_type=\"column\" data-e-type=\"column\">\n\t\t\t<div class=\"elementor-widget-wrap elementor-element-populated\">\n\t\t\t\t\t\t<div class=\"elementor-element elementor-element-272cd38 elementor-widget elementor-widget-text-editor\" data-id=\"272cd38\" data-element_type=\"widget\" data-e-type=\"widget\" data-widget_type=\"text-editor.default\">\n\t\t\t\t<div class=\"elementor-widget-container\">\n\t\t\t\t\t\t\t\t\t<h6>\u00a0<\/h6><h6><span style=\"font-size: medium;\"><b>Editor-in-chief<\/b><\/span><\/h6><h6><span style=\"font-size: 16px;\">Laura Linsi<br \/><\/span><\/h6><h6><span style=\"font-size: 16px;\">GSM: +372 516 3283<br \/><\/span><\/h6><h6><span style=\"font-size: 16px;\">E-mail: laura at ajakirimaja.ee<\/span><\/h6><h6><span style=\"font-size: 16px;\"><strong>\u00a0<\/strong><\/span><\/h6><h6>\u00a0<\/h6>\t\t\t\t\t\t\t\t<\/div>\n\t\t\t\t<\/div>\n\t\t\t\t\t<\/div>\n\t\t<\/div>\n\t\t\t\t\t<\/div>\n\t\t<\/section>\n\t\t\t\t<section class=\"elementor-section elementor-top-section elementor-element elementor-element-96287c8 elementor-section-boxed elementor-section-height-default elementor-section-height-default\" data-id=\"96287c8\" data-element_type=\"section\" data-e-type=\"section\">\n\t\t\t\t\t\t<div class=\"elementor-container elementor-column-gap-default\">\n\t\t\t\t\t<div class=\"elementor-column elementor-col-50 elementor-top-column elementor-element elementor-element-a1d6f22\" data-id=\"a1d6f22\" data-element_type=\"column\" data-e-type=\"column\">\n\t\t\t<div class=\"elementor-widget-wrap elementor-element-populated\">\n\t\t\t\t\t\t\t<\/div>\n\t\t<\/div>\n\t\t\t\t<div class=\"elementor-column elementor-col-50 elementor-top-column elementor-element elementor-element-3680c4b\" data-id=\"3680c4b\" data-element_type=\"column\" data-e-type=\"column\">\n\t\t\t<div class=\"elementor-widget-wrap elementor-element-populated\">\n\t\t\t\t\t\t<div class=\"elementor-element elementor-element-27a4530 elementor-widget elementor-widget-text-editor\" data-id=\"27a4530\" data-element_type=\"widget\" data-e-type=\"widget\" data-widget_type=\"text-editor.default\">\n\t\t\t\t<div class=\"elementor-widget-container\">\n\t\t\t\t\t\t\t\t\t<h6>\u00a0<\/h6><h6><span style=\"font-size: 16px;\"><strong>Editorial Board<\/strong><\/span><\/h6><h6><span style=\"font-size: 16px;\">Karin Bachmann<br \/><\/span><\/h6><h6><span style=\"font-size: 16px;\">Anni Martin<br \/><\/span><\/h6><h6><span style=\"font-size: 16px;\">Mari M\u00f6ldre<br \/><\/span><\/h6><h6><span style=\"font-size: 16px;\">Triin Ojari <br \/><\/span><\/h6><h6><span style=\"font-size: 16px;\">Rebeka P\u00f5ldsam<br \/><\/span><\/h6><h6><span style=\"font-size: 16px;\">Reio Raudsepp<br \/><\/span><\/h6><h6><span style=\"font-size: 16px;\">Mihkel T\u00fc\u00fcr<br \/><\/span><\/h6>\t\t\t\t\t\t\t\t<\/div>\n\t\t\t\t<\/div>\n\t\t\t\t\t<\/div>\n\t\t<\/div>\n\t\t\t\t\t<\/div>\n\t\t<\/section>\n\t\t\t\t<section class=\"elementor-section elementor-top-section elementor-element elementor-element-f3a4bcb elementor-section-boxed elementor-section-height-default elementor-section-height-default\" data-id=\"f3a4bcb\" data-element_type=\"section\" data-e-type=\"section\">\n\t\t\t\t\t\t<div class=\"elementor-container elementor-column-gap-default\">\n\t\t\t\t\t<div class=\"elementor-column elementor-col-50 elementor-top-column elementor-element elementor-element-7e9e4b5\" data-id=\"7e9e4b5\" data-element_type=\"column\" data-e-type=\"column\">\n\t\t\t<div class=\"elementor-widget-wrap elementor-element-populated\">\n\t\t\t\t\t\t<div class=\"elementor-element elementor-element-f8e7b6b elementor-widget elementor-widget-image\" data-id=\"f8e7b6b\" data-element_type=\"widget\" data-e-type=\"widget\" data-widget_type=\"image.default\">\n\t\t\t\t<div class=\"elementor-widget-container\">\n\t\t\t\t\t\t\t\t\t\t\t\t<figure class=\"wp-caption\">\n\t\t\t\t\t\t\t\t\t\t<img decoding=\"async\" width=\"683\" height=\"1024\" src=\"https:\/\/ajakirimaja.ee\/wp-content\/uploads\/2020\/04\/Margus-Tammik-683x1024.png\" class=\"attachment-large size-large wp-image-6405\" alt=\"\" srcset=\"https:\/\/ajakirimaja.ee\/wp-content\/uploads\/2020\/04\/Margus-Tammik-683x1024.png 683w, https:\/\/ajakirimaja.ee\/wp-content\/uploads\/2020\/04\/Margus-Tammik-200x300.png 200w, https:\/\/ajakirimaja.ee\/wp-content\/uploads\/2020\/04\/Margus-Tammik-768x1152.png 768w, https:\/\/ajakirimaja.ee\/wp-content\/uploads\/2020\/04\/Margus-Tammik-1024x1536.png 1024w, https:\/\/ajakirimaja.ee\/wp-content\/uploads\/2020\/04\/Margus-Tammik-1365x2048.png 1365w, https:\/\/ajakirimaja.ee\/wp-content\/uploads\/2020\/04\/Margus-Tammik.png 1984w\" sizes=\"(max-width: 683px) 100vw, 683px\" \/>\t\t\t\t\t\t\t\t\t\t\t<figcaption class=\"widget-image-caption wp-caption-text\">Photo: Eva Unt<\/figcaption>\n\t\t\t\t\t\t\t\t\t\t<\/figure>\n\t\t\t\t\t\t\t\t\t<\/div>\n\t\t\t\t<\/div>\n\t\t\t\t\t<\/div>\n\t\t<\/div>\n\t\t\t\t<div class=\"elementor-column elementor-col-50 elementor-top-column elementor-element elementor-element-ce19d62\" data-id=\"ce19d62\" data-element_type=\"column\" data-e-type=\"column\">\n\t\t\t<div class=\"elementor-widget-wrap elementor-element-populated\">\n\t\t\t\t\t\t<div class=\"elementor-element elementor-element-1737564 elementor-widget elementor-widget-text-editor\" data-id=\"1737564\" data-element_type=\"widget\" data-e-type=\"widget\" data-widget_type=\"text-editor.default\">\n\t\t\t\t<div class=\"elementor-widget-container\">\n\t\t\t\t\t\t\t\t\t<h6>\u00a0<\/h6><h6><strong><span style=\"font-size: 16px;\">Graphic Designer<\/span><\/strong><\/h6><h6><span style=\"font-size: 16px;\">Margus Tammik<\/span><\/h6>\t\t\t\t\t\t\t\t<\/div>\n\t\t\t\t<\/div>\n\t\t\t\t\t<\/div>\n\t\t<\/div>\n\t\t\t\t\t<\/div>\n\t\t<\/section>\n\t\t\t\t<section class=\"elementor-section elementor-top-section elementor-element elementor-element-00a6d39 elementor-section-boxed elementor-section-height-default elementor-section-height-default\" data-id=\"00a6d39\" data-element_type=\"section\" data-e-type=\"section\">\n\t\t\t\t\t\t<div class=\"elementor-container elementor-column-gap-default\">\n\t\t\t\t\t<div class=\"elementor-column elementor-col-50 elementor-top-column elementor-element elementor-element-e787b77\" data-id=\"e787b77\" data-element_type=\"column\" data-e-type=\"column\">\n\t\t\t<div class=\"elementor-widget-wrap elementor-element-populated\">\n\t\t\t\t\t\t<div class=\"elementor-element elementor-element-f4ee0f5 elementor-widget elementor-widget-image\" data-id=\"f4ee0f5\" data-element_type=\"widget\" data-e-type=\"widget\" data-widget_type=\"image.default\">\n\t\t\t\t<div class=\"elementor-widget-container\">\n\t\t\t\t\t\t\t\t\t\t\t\t\t\t\t<img decoding=\"async\" width=\"686\" height=\"1024\" src=\"https:\/\/ajakirimaja.ee\/wp-content\/uploads\/2021\/12\/Karet-Eesmae_veeb--686x1024.jpg\" class=\"attachment-large size-large wp-image-11018\" alt=\"\" srcset=\"https:\/\/ajakirimaja.ee\/wp-content\/uploads\/2021\/12\/Karet-Eesmae_veeb--686x1024.jpg 686w, https:\/\/ajakirimaja.ee\/wp-content\/uploads\/2021\/12\/Karet-Eesmae_veeb--201x300.jpg 201w, https:\/\/ajakirimaja.ee\/wp-content\/uploads\/2021\/12\/Karet-Eesmae_veeb--768x1146.jpg 768w, https:\/\/ajakirimaja.ee\/wp-content\/uploads\/2021\/12\/Karet-Eesmae_veeb--1030x1536.jpg 1030w, https:\/\/ajakirimaja.ee\/wp-content\/uploads\/2021\/12\/Karet-Eesmae_veeb--1373x2048.jpg 1373w, https:\/\/ajakirimaja.ee\/wp-content\/uploads\/2021\/12\/Karet-Eesmae_veeb--scaled.jpg 1716w\" sizes=\"(max-width: 686px) 100vw, 686px\" \/>\t\t\t\t\t\t\t\t\t\t\t\t\t\t\t<\/div>\n\t\t\t\t<\/div>\n\t\t\t\t\t<\/div>\n\t\t<\/div>\n\t\t\t\t<div class=\"elementor-column elementor-col-50 elementor-top-column elementor-element elementor-element-9dc7ce2\" data-id=\"9dc7ce2\" data-element_type=\"column\" data-e-type=\"column\">\n\t\t\t<div class=\"elementor-widget-wrap elementor-element-populated\">\n\t\t\t\t\t\t<div class=\"elementor-element elementor-element-744ebdc elementor-widget elementor-widget-text-editor\" data-id=\"744ebdc\" data-element_type=\"widget\" data-e-type=\"widget\" data-widget_type=\"text-editor.default\">\n\t\t\t\t<div class=\"elementor-widget-container\">\n\t\t\t\t\t\t\t\t\t<h6>\u00a0<\/h6><h6><strong><span style=\"font-size: 16px;\">Estonian Proofreading<\/span><\/strong><\/h6><h6><span style=\"font-size: 16px;\">Karet Eesm\u00e4e <br \/><\/span><\/h6>\t\t\t\t\t\t\t\t<\/div>\n\t\t\t\t<\/div>\n\t\t\t\t\t<\/div>\n\t\t<\/div>\n\t\t\t\t\t<\/div>\n\t\t<\/section>\n\t\t\t\t<section class=\"elementor-section elementor-top-section elementor-element elementor-element-8002edd elementor-section-boxed elementor-section-height-default elementor-section-height-default\" data-id=\"8002edd\" data-element_type=\"section\" data-e-type=\"section\">\n\t\t\t\t\t\t<div class=\"elementor-container elementor-column-gap-default\">\n\t\t\t\t\t<div class=\"elementor-column elementor-col-50 elementor-top-column elementor-element elementor-element-c5ceae1\" data-id=\"c5ceae1\" data-element_type=\"column\" data-e-type=\"column\">\n\t\t\t<div class=\"elementor-widget-wrap elementor-element-populated\">\n\t\t\t\t\t\t<div class=\"elementor-element elementor-element-eca678c elementor-widget elementor-widget-image\" data-id=\"eca678c\" data-element_type=\"widget\" data-e-type=\"widget\" data-widget_type=\"image.default\">\n\t\t\t\t<div class=\"elementor-widget-container\">\n\t\t\t\t\t\t\t\t\t\t\t\t<figure class=\"wp-caption\">\n\t\t\t\t\t\t\t\t\t\t<img loading=\"lazy\" decoding=\"async\" width=\"760\" height=\"1024\" src=\"https:\/\/ajakirimaja.ee\/wp-content\/uploads\/2024\/01\/20240104-Ingrid-Kormasov_foto-albertkerstna.com_8333-760x1024.jpg\" class=\"attachment-large size-large wp-image-13482\" alt=\"\" srcset=\"https:\/\/ajakirimaja.ee\/wp-content\/uploads\/2024\/01\/20240104-Ingrid-Kormasov_foto-albertkerstna.com_8333-760x1024.jpg 760w, https:\/\/ajakirimaja.ee\/wp-content\/uploads\/2024\/01\/20240104-Ingrid-Kormasov_foto-albertkerstna.com_8333-223x300.jpg 223w, https:\/\/ajakirimaja.ee\/wp-content\/uploads\/2024\/01\/20240104-Ingrid-Kormasov_foto-albertkerstna.com_8333-768x1035.jpg 768w, https:\/\/ajakirimaja.ee\/wp-content\/uploads\/2024\/01\/20240104-Ingrid-Kormasov_foto-albertkerstna.com_8333.jpg 1109w\" sizes=\"(max-width: 760px) 100vw, 760px\" \/>\t\t\t\t\t\t\t\t\t\t\t<figcaption class=\"widget-image-caption wp-caption-text\">Photo: Albert Kerstna<\/figcaption>\n\t\t\t\t\t\t\t\t\t\t<\/figure>\n\t\t\t\t\t\t\t\t\t<\/div>\n\t\t\t\t<\/div>\n\t\t\t\t\t<\/div>\n\t\t<\/div>\n\t\t\t\t<div class=\"elementor-column elementor-col-50 elementor-top-column elementor-element elementor-element-d369d77\" data-id=\"d369d77\" data-element_type=\"column\" data-e-type=\"column\">\n\t\t\t<div class=\"elementor-widget-wrap elementor-element-populated\">\n\t\t\t\t\t\t<div class=\"elementor-element elementor-element-24e7d56 elementor-widget elementor-widget-text-editor\" data-id=\"24e7d56\" data-element_type=\"widget\" data-e-type=\"widget\" data-widget_type=\"text-editor.default\">\n\t\t\t\t<div class=\"elementor-widget-container\">\n\t\t\t\t\t\t\t\t\t<h6>\u00a0<\/h6><h6><strong><span style=\"font-size: medium;\">Manager<\/span><\/strong><\/h6><h6><span style=\"font-size: medium;\">Ingrid Korma\u0161ov<br \/><\/span><\/h6><h6><span style=\"font-size: 16px;\">GSM: +372 509 7294<\/span><\/h6><h6><span style=\"font-size: 16px;\">E-mail: ingrid at ajakirimaja.ee<\/span><\/h6>\t\t\t\t\t\t\t\t<\/div>\n\t\t\t\t<\/div>\n\t\t\t\t\t<\/div>\n\t\t<\/div>\n\t\t\t\t\t<\/div>\n\t\t<\/section>\n\t\t\t\t<section class=\"elementor-section elementor-top-section elementor-element elementor-element-7b8cb42 elementor-section-boxed elementor-section-height-default elementor-section-height-default\" data-id=\"7b8cb42\" data-element_type=\"section\" data-e-type=\"section\">\n\t\t\t\t\t\t<div class=\"elementor-container elementor-column-gap-default\">\n\t\t\t\t\t<div class=\"elementor-column elementor-col-100 elementor-top-column elementor-element elementor-element-0ff44dc\" data-id=\"0ff44dc\" data-element_type=\"column\" data-e-type=\"column\">\n\t\t\t<div class=\"elementor-widget-wrap elementor-element-populated\">\n\t\t\t\t\t\t<div class=\"elementor-element elementor-element-024ba2e elementor-widget elementor-widget-text-editor\" data-id=\"024ba2e\" data-element_type=\"widget\" data-e-type=\"widget\" data-widget_type=\"text-editor.default\">\n\t\t\t\t<div class=\"elementor-widget-container\">\n\t\t\t\t\t\t\t\t\t<h6>\u00a0<\/h6><h6>\u00a0<\/h6><h6>\u00a0<\/h6><h6><span style=\"font-size: 16px;\"><strong>Translations<\/strong><\/span><\/h6><h6><span style=\"font-size: 16px;\">Kerli Linnat, <\/span><span style=\"font-size: 16px;\">Taavi Laanpere, Ain Rada, Marianne J\u00f5gi.<\/span><\/h6><h6>\u00a0<\/h6><h6><span style=\"font-size: 16px;\"><strong>\u00a0<\/strong><\/span><\/h6><h6><strong style=\"font-size: 16px; font-style: inherit;\">Publishing house: MT\u00dc Arhitektuurikirjastus<\/strong><\/h6><h6><span style=\"font-size: 16px;\">Reg. code: 80413673<\/span><\/h6><h6><span style=\"font-size: 16px;\">VAT: EE102029552<\/span><\/h6><h6><span style=\"font-size: 16px;\">IBAN: EE631010220260491229<\/span><\/h6><h6><span style=\"font-size: 16px;\">Address: Niine St. 11, Tallinn 10414, Estonia<\/span><\/h6><h6><span style=\"font-size: 16px;\">Board Members: Ingrid Korma\u0161ov, Laura Linsi<br \/><\/span><\/h6><h6>\u00a0<\/h6><h6>\u00a0<\/h6><h6><strong><span style=\"font-size: 16px;\">Founders:\u00a0<\/span><\/strong><\/h6><h6><a href=\"http:\/\/arhliit.ee\/english\/\" target=\"_blank\" rel=\"noopener\"><span style=\"font-size: 16px;\"><strong><span style=\"color: #23dede;\">Estonian Association of Architects\u00a0<\/span><\/strong><\/span><\/a><\/h6><h6><a href=\"https:\/\/www.esl.ee\/en\/\" target=\"_blank\" rel=\"noopener\"><span style=\"font-size: 16px;\"><strong><span style=\"color: #23dede;\">Estonian Association of Interior Architects\u00a0<\/span><\/strong><\/span><\/a><\/h6><h6><strong><span style=\"color: #23dede;\"><a style=\"color: #23dede;\" href=\"http:\/\/www.maastikuarhitekt.ee\/\" target=\"_blank\" rel=\"noopener\"><span style=\"font-size: 16px;\">Estonian Association of Landscape Architects<\/span><\/a><\/span><\/strong><\/h6><h6>\u00a0<\/h6>\t\t\t\t\t\t\t\t<\/div>\n\t\t\t\t<\/div>\n\t\t\t\t\t<\/div>\n\t\t<\/div>\n\t\t\t\t\t<\/div>\n\t\t<\/section>\n\t\t\t\t<\/div>\n\t\t","protected":false},"excerpt":{"rendered":"<p>\u00a0 MAJA is a professional architectural publication in Estonia since 1994. \u00a0 \u00a0 Editor-in-chief Laura Linsi GSM: +372 516 3283 E-mail: laura at ajakirimaja.ee \u00a0 \u00a0 \u00a0 Editorial Board Karin Bachmann Anni Martin Mari M\u00f6ldre Triin Ojari Rebeka P\u00f5ldsam Reio Raudsepp Mihkel T\u00fc\u00fcr Photo: Eva Unt \u00a0 Graphic Designer Margus Tammik \u00a0 Estonian Proofreading Karet<\/p>\n","protected":false},"author":1,"featured_media":0,"parent":0,"menu_order":0,"comment_status":"closed","ping_status":"closed","template":"","meta":{"generate_page_header":"","footnotes":""},"class_list":{"0":"post-6809","1":"page","2":"type-page","3":"status-publish","5":"infinite-scroll-item"},"yoast_head":"<!-- This site is optimized with the Yoast SEO plugin v27.4 - https:\/\/yoast.com\/product\/yoast-seo-wordpress\/ -->\n<title>CONTACT - MAJA<\/title>\n<meta name=\"robots\" content=\"index, follow, max-snippet:-1, max-image-preview:large, max-video-preview:-1\" \/>\n<link rel=\"canonical\" href=\"https:\/\/ajakirimaja.ee\/toimetus\/\" \/>\n<meta property=\"og:locale\" content=\"en_US\" \/>\n<meta property=\"og:type\" content=\"article\" \/>\n<meta property=\"og:title\" content=\"CONTACT - MAJA\" \/>\n<meta property=\"og:description\" content=\"\u00a0 MAJA is a professional architectural publication in Estonia since 1994. \u00a0 \u00a0 Editor-in-chief Laura Linsi GSM: +372 516 3283 E-mail: laura at ajakirimaja.ee \u00a0 \u00a0 \u00a0 Editorial Board Karin Bachmann Anni Martin Mari M\u00f6ldre Triin Ojari Rebeka P\u00f5ldsam Reio Raudsepp Mihkel T\u00fc\u00fcr Photo: Eva Unt \u00a0 Graphic Designer Margus Tammik \u00a0 Estonian Proofreading Karet\" \/>\n<meta property=\"og:url\" content=\"https:\/\/ajakirimaja.ee\/toimetus\/\" \/>\n<meta property=\"og:site_name\" content=\"MAJA\" \/>\n<meta property=\"article:modified_time\" content=\"2024-02-16T14:14:01+00:00\" \/>\n<meta property=\"og:image\" content=\"https:\/\/ajakirimaja.ee\/wp-content\/uploads\/2020\/06\/Laura-Linsi-2-768x1152.jpg\" \/>\n<meta name=\"twitter:card\" content=\"summary_large_image\" \/>\n<meta name=\"twitter:label1\" content=\"Est. reading time\" \/>\n\t<meta name=\"twitter:data1\" content=\"2 minutes\" \/>\n<script type=\"application\/ld+json\" class=\"yoast-schema-graph\">{\"@context\":\"https:\\\/\\\/schema.org\",\"@graph\":[{\"@type\":\"WebPage\",\"@id\":\"https:\\\/\\\/ajakirimaja.ee\\\/toimetus\\\/\",\"url\":\"https:\\\/\\\/ajakirimaja.ee\\\/toimetus\\\/\",\"name\":\"CONTACT - MAJA\",\"isPartOf\":{\"@id\":\"https:\\\/\\\/ajakirimaja.ee\\\/#website\"},\"primaryImageOfPage\":{\"@id\":\"https:\\\/\\\/ajakirimaja.ee\\\/toimetus\\\/#primaryimage\"},\"image\":{\"@id\":\"https:\\\/\\\/ajakirimaja.ee\\\/toimetus\\\/#primaryimage\"},\"thumbnailUrl\":\"https:\\\/\\\/ajakirimaja.ee\\\/wp-content\\\/uploads\\\/2020\\\/06\\\/Laura-Linsi-2-768x1152.jpg\",\"datePublished\":\"2018-08-08T16:03:52+00:00\",\"dateModified\":\"2024-02-16T14:14:01+00:00\",\"breadcrumb\":{\"@id\":\"https:\\\/\\\/ajakirimaja.ee\\\/toimetus\\\/#breadcrumb\"},\"inLanguage\":\"en-US\",\"potentialAction\":[{\"@type\":\"ReadAction\",\"target\":[\"https:\\\/\\\/ajakirimaja.ee\\\/toimetus\\\/\"]}]},{\"@type\":\"ImageObject\",\"inLanguage\":\"en-US\",\"@id\":\"https:\\\/\\\/ajakirimaja.ee\\\/toimetus\\\/#primaryimage\",\"url\":\"https:\\\/\\\/ajakirimaja.ee\\\/wp-content\\\/uploads\\\/2020\\\/06\\\/Laura-Linsi-2-768x1152.jpg\",\"contentUrl\":\"https:\\\/\\\/ajakirimaja.ee\\\/wp-content\\\/uploads\\\/2020\\\/06\\\/Laura-Linsi-2-768x1152.jpg\"},{\"@type\":\"BreadcrumbList\",\"@id\":\"https:\\\/\\\/ajakirimaja.ee\\\/toimetus\\\/#breadcrumb\",\"itemListElement\":[{\"@type\":\"ListItem\",\"position\":1,\"name\":\"Home\",\"item\":\"https:\\\/\\\/ajakirimaja.ee\\\/en\\\/\"},{\"@type\":\"ListItem\",\"position\":2,\"name\":\"CONTACT\"}]},{\"@type\":\"WebSite\",\"@id\":\"https:\\\/\\\/ajakirimaja.ee\\\/#website\",\"url\":\"https:\\\/\\\/ajakirimaja.ee\\\/\",\"name\":\"MAJA\",\"description\":\"\",\"publisher\":{\"@id\":\"https:\\\/\\\/ajakirimaja.ee\\\/#organization\"},\"potentialAction\":[{\"@type\":\"SearchAction\",\"target\":{\"@type\":\"EntryPoint\",\"urlTemplate\":\"https:\\\/\\\/ajakirimaja.ee\\\/?s={search_term_string}\"},\"query-input\":{\"@type\":\"PropertyValueSpecification\",\"valueRequired\":true,\"valueName\":\"search_term_string\"}}],\"inLanguage\":\"en-US\"},{\"@type\":\"Organization\",\"@id\":\"https:\\\/\\\/ajakirimaja.ee\\\/#organization\",\"name\":\"MAJA\",\"url\":\"https:\\\/\\\/ajakirimaja.ee\\\/\",\"logo\":{\"@type\":\"ImageObject\",\"inLanguage\":\"en-US\",\"@id\":\"https:\\\/\\\/ajakirimaja.ee\\\/#\\\/schema\\\/logo\\\/image\\\/\",\"url\":\"https:\\\/\\\/ajakirimaja.ee\\\/wp-content\\\/uploads\\\/2023\\\/01\\\/cropped-MAJA_logo_est_23.png\",\"contentUrl\":\"https:\\\/\\\/ajakirimaja.ee\\\/wp-content\\\/uploads\\\/2023\\\/01\\\/cropped-MAJA_logo_est_23.png\",\"width\":403,\"height\":80,\"caption\":\"MAJA\"},\"image\":{\"@id\":\"https:\\\/\\\/ajakirimaja.ee\\\/#\\\/schema\\\/logo\\\/image\\\/\"}}]}<\/script>\n<!-- \/ Yoast SEO plugin. -->","yoast_head_json":{"title":"CONTACT - MAJA","robots":{"index":"index","follow":"follow","max-snippet":"max-snippet:-1","max-image-preview":"max-image-preview:large","max-video-preview":"max-video-preview:-1"},"canonical":"https:\/\/ajakirimaja.ee\/toimetus\/","og_locale":"en_US","og_type":"article","og_title":"CONTACT - MAJA","og_description":"\u00a0 MAJA is a professional architectural publication in Estonia since 1994. \u00a0 \u00a0 Editor-in-chief Laura Linsi GSM: +372 516 3283 E-mail: laura at ajakirimaja.ee \u00a0 \u00a0 \u00a0 Editorial Board Karin Bachmann Anni Martin Mari M\u00f6ldre Triin Ojari Rebeka P\u00f5ldsam Reio Raudsepp Mihkel T\u00fc\u00fcr Photo: Eva Unt \u00a0 Graphic Designer Margus Tammik \u00a0 Estonian Proofreading Karet","og_url":"https:\/\/ajakirimaja.ee\/toimetus\/","og_site_name":"MAJA","article_modified_time":"2024-02-16T14:14:01+00:00","og_image":[{"url":"https:\/\/ajakirimaja.ee\/wp-content\/uploads\/2020\/06\/Laura-Linsi-2-768x1152.jpg","type":"","width":"","height":""}],"twitter_card":"summary_large_image","twitter_misc":{"Est. reading time":"2 minutes"},"schema":{"@context":"https:\/\/schema.org","@graph":[{"@type":"WebPage","@id":"https:\/\/ajakirimaja.ee\/toimetus\/","url":"https:\/\/ajakirimaja.ee\/toimetus\/","name":"CONTACT - MAJA","isPartOf":{"@id":"https:\/\/ajakirimaja.ee\/#website"},"primaryImageOfPage":{"@id":"https:\/\/ajakirimaja.ee\/toimetus\/#primaryimage"},"image":{"@id":"https:\/\/ajakirimaja.ee\/toimetus\/#primaryimage"},"thumbnailUrl":"https:\/\/ajakirimaja.ee\/wp-content\/uploads\/2020\/06\/Laura-Linsi-2-768x1152.jpg","datePublished":"2018-08-08T16:03:52+00:00","dateModified":"2024-02-16T14:14:01+00:00","breadcrumb":{"@id":"https:\/\/ajakirimaja.ee\/toimetus\/#breadcrumb"},"inLanguage":"en-US","potentialAction":[{"@type":"ReadAction","target":["https:\/\/ajakirimaja.ee\/toimetus\/"]}]},{"@type":"ImageObject","inLanguage":"en-US","@id":"https:\/\/ajakirimaja.ee\/toimetus\/#primaryimage","url":"https:\/\/ajakirimaja.ee\/wp-content\/uploads\/2020\/06\/Laura-Linsi-2-768x1152.jpg","contentUrl":"https:\/\/ajakirimaja.ee\/wp-content\/uploads\/2020\/06\/Laura-Linsi-2-768x1152.jpg"},{"@type":"BreadcrumbList","@id":"https:\/\/ajakirimaja.ee\/toimetus\/#breadcrumb","itemListElement":[{"@type":"ListItem","position":1,"name":"Home","item":"https:\/\/ajakirimaja.ee\/en\/"},{"@type":"ListItem","position":2,"name":"CONTACT"}]},{"@type":"WebSite","@id":"https:\/\/ajakirimaja.ee\/#website","url":"https:\/\/ajakirimaja.ee\/","name":"MAJA","description":"","publisher":{"@id":"https:\/\/ajakirimaja.ee\/#organization"},"potentialAction":[{"@type":"SearchAction","target":{"@type":"EntryPoint","urlTemplate":"https:\/\/ajakirimaja.ee\/?s={search_term_string}"},"query-input":{"@type":"PropertyValueSpecification","valueRequired":true,"valueName":"search_term_string"}}],"inLanguage":"en-US"},{"@type":"Organization","@id":"https:\/\/ajakirimaja.ee\/#organization","name":"MAJA","url":"https:\/\/ajakirimaja.ee\/","logo":{"@type":"ImageObject","inLanguage":"en-US","@id":"https:\/\/ajakirimaja.ee\/#\/schema\/logo\/image\/","url":"https:\/\/ajakirimaja.ee\/wp-content\/uploads\/2023\/01\/cropped-MAJA_logo_est_23.png","contentUrl":"https:\/\/ajakirimaja.ee\/wp-content\/uploads\/2023\/01\/cropped-MAJA_logo_est_23.png","width":403,"height":80,"caption":"MAJA"},"image":{"@id":"https:\/\/ajakirimaja.ee\/#\/schema\/logo\/image\/"}}]}},"_links":{"self":[{"href":"https:\/\/ajakirimaja.ee\/en\/wp-json\/wp\/v2\/pages\/6809","targetHints":{"allow":["GET"]}}],"collection":[{"href":"https:\/\/ajakirimaja.ee\/en\/wp-json\/wp\/v2\/pages"}],"about":[{"href":"https:\/\/ajakirimaja.ee\/en\/wp-json\/wp\/v2\/types\/page"}],"author":[{"embeddable":true,"href":"https:\/\/ajakirimaja.ee\/en\/wp-json\/wp\/v2\/users\/1"}],"replies":[{"embeddable":true,"href":"https:\/\/ajakirimaja.ee\/en\/wp-json\/wp\/v2\/comments?post=6809"}],"version-history":[{"count":45,"href":"https:\/\/ajakirimaja.ee\/en\/wp-json\/wp\/v2\/pages\/6809\/revisions"}],"predecessor-version":[{"id":14105,"href":"https:\/\/ajakirimaja.ee\/en\/wp-json\/wp\/v2\/pages\/6809\/revisions\/14105"}],"wp:attachment":[{"href":"https:\/\/ajakirimaja.ee\/en\/wp-json\/wp\/v2\/media?parent=6809"}],"curies":[{"name":"wp","href":"https:\/\/api.w.org\/{rel}","templated":true}]}}